{"id":11,"date":"2019-04-10T21:16:27","date_gmt":"2019-04-10T21:16:27","guid":{"rendered":"https:\/\/regiondelasflores.com.ar\/?page_id=11"},"modified":"2019-04-15T15:11:01","modified_gmt":"2019-04-15T15:11:01","slug":"localidades","status":"publish","type":"page","link":"https:\/\/regiondelasflores.com.ar\/?page_id=11","title":{"rendered":"Localidades"},"content":{"rendered":"<h2>Atractivos de la regi\u00f3n<\/h2>\n<div class=\"su-row\">\n<div class=\"su-column su-column-size-1-3\"><div class=\"su-column-inner su-u-clearfix su-u-trim\">\n<div class=\"su-box su-box-style-soft\" id=\"\" style=\"border-color:#7b001d;border-radius:5px;\"><div class=\"su-box-title\" style=\"background-color:#ae1450;color:#FFFFFF;border-top-left-radius:3px;border-top-right-radius:3px\">Montecarlo<\/div><div class=\"su-box-content su-u-clearfix su-u-trim\" style=\"border-bottom-left-radius:3px;border-bottom-right-radius:3px\">\nParque Vortisch &#8211; Laberinto Vegetal &#8211; Zoo Bal Park &#8211; Parque Tem\u00e1tico Acuarium Montecarlo &#8211; Orquidearios &#8211; Balneario &#8211; Camping It\u00e1 Por\u00e1 &#8211; Museo del Agricultor<br \/>\n<\/div><\/div>\n<\/div><\/div>\n<div class=\"su-column su-column-size-1-3\"><div class=\"su-column-inner su-u-clearfix su-u-trim\">\n<div class=\"su-box su-box-style-soft\" id=\"\" style=\"border-color:#7b001d;border-radius:5px;\"><div class=\"su-box-title\" style=\"background-color:#ae1450;color:#FFFFFF;border-top-left-radius:3px;border-top-right-radius:3px\">Puerto Rico<\/div><div class=\"su-box-content su-u-clearfix su-u-trim\" style=\"border-bottom-left-radius:3px;border-bottom-right-radius:3px\">\nCostanera sobre el R\u00edo Paran\u00e1 &#8211; Museo Ra\u00edces &#8211; Capillas &#8211; Club N\u00e1utico y de Pesca &#8211; Viveros de plantas ex\u00f3ticas &#8211; Orquiderios &#8211; Camping &#8211; Museos<br \/>\n<\/div><\/div>\n<\/div><\/div>\n<div class=\"su-column su-column-size-1-3\"><div class=\"su-column-inner su-u-clearfix su-u-trim\">\n<div class=\"su-box su-box-style-soft\" id=\"\" style=\"border-color:#7b001d;border-radius:5px;\"><div class=\"su-box-title\" style=\"background-color:#ae1450;color:#FFFFFF;border-top-left-radius:3px;border-top-right-radius:3px\">Capiov\u00ed<\/div><div class=\"su-box-content su-u-clearfix su-u-trim\" style=\"border-bottom-left-radius:3px;border-bottom-right-radius:3px\">\nParque Municipal Salto Capiov\u00ed \u2013 Paisaje Protegido La Costanera \u2013 Parque Las Camelias \u2013 Sendero de la Salud &#8211; Agroturismo<br \/>\n<\/div><\/div>\n<\/div><\/div>\n<\/div>\n<div class=\"su-row\">\n<div class=\"su-column su-column-size-1-3\"><div class=\"su-column-inner su-u-clearfix su-u-trim\">\n<div class=\"su-box su-box-style-soft\" id=\"\" style=\"border-color:#7b001d;border-radius:5px;\"><div class=\"su-box-title\" style=\"background-color:#ae1450;color:#FFFFFF;border-top-left-radius:3px;border-top-right-radius:3px\">Caraguatay<\/div><div class=\"su-box-content su-u-clearfix su-u-trim\" style=\"border-bottom-left-radius:3px;border-bottom-right-radius:3px\">\nIsla Caraguatay \u2013 Playas \u2013 Camping \u2013 Ecoturismo \u2013 Restaurante de Campo \u2013 Solar del Che Guevara<br \/>\n<\/div><\/div>\n<\/div><\/div>\n<div class=\"su-column su-column-size-1-3\"><div class=\"su-column-inner su-u-clearfix su-u-trim\">\n<div class=\"su-box su-box-style-soft\" id=\"\" style=\"border-color:#7b001d;border-radius:5px;\"><div class=\"su-box-title\" style=\"background-color:#ae1450;color:#FFFFFF;border-top-left-radius:3px;border-top-right-radius:3px\">Garuhap\u00e9<\/div><div class=\"su-box-content su-u-clearfix su-u-trim\" style=\"border-bottom-left-radius:3px;border-bottom-right-radius:3px\">\nSalto 3 de Mayo \u2013 Complejo Gruta India \u2013 Cueva del Yaguaret\u00e9 \u2013 Parque Reserva Provincial Cu\u00f1apir\u00fa \u2013 Balnearios<br \/>\n<\/div><\/div>\n<\/div><\/div>\n<div class=\"su-column su-column-size-1-3\"><div class=\"su-column-inner su-u-clearfix su-u-trim\">\n<div class=\"su-box su-box-style-soft\" id=\"\" style=\"border-color:#7b001d;border-radius:5px;\"><div class=\"su-box-title\" style=\"background-color:#ae1450;color:#FFFFFF;border-top-left-radius:3px;border-top-right-radius:3px\">Ruiz de Montoya<\/div><div class=\"su-box-content su-u-clearfix su-u-trim\" style=\"border-bottom-left-radius:3px;border-bottom-right-radius:3px\">\nSalto Cu\u00f1\u00e1 Pir\u00fa \u2013 Camping Cu\u00f1apir\u00fa \u2013 Reservas Abor\u00edgenes<br \/>\n<\/div><\/div>\n<\/div><\/div>\n<\/div>\n<div class=\"su-row\">\n<div class=\"su-column su-column-size-1-3\"><div class=\"su-column-inner su-u-clearfix su-u-trim\">\n<div class=\"su-box su-box-style-soft\" id=\"\" style=\"border-color:#7b001d;border-radius:5px;\"><div class=\"su-box-title\" style=\"background-color:#ae1450;color:#FFFFFF;border-top-left-radius:3px;border-top-right-radius:3px\">El Alc\u00e1zar<\/div><div class=\"su-box-content su-u-clearfix su-u-trim\" style=\"border-bottom-left-radius:3px;border-bottom-right-radius:3px\">\nTimb\u00f3 Gigante \u2013 Camping Recreo Paran\u00e1 Guaz\u00fa &#8211; Agroturismo<br \/>\n<\/div><\/div>\n<\/div><\/div>\n<div class=\"su-column su-column-size-1-3\"><div class=\"su-column-inner su-u-clearfix su-u-trim\">\n<\/div><\/div>\n<div class=\"su-column su-column-size-1-3\"><div class=\"su-column-inner su-u-clearfix su-u-trim\">\n<\/div><\/div>\n<\/div>\n","protected":false},"excerpt":{"rendered":"<p>Atractivos de la regi\u00f3n<\/p>\n","protected":false},"author":2,"featured_media":0,"parent":0,"menu_order":0,"comment_status":"closed","ping_status":"closed","template":"","meta":{"footnotes":""},"class_list":["post-11","page","type-page","status-publish","hentry"],"_links":{"self":[{"href":"https:\/\/regiondelasflores.com.ar\/index.php?rest_route=\/wp\/v2\/pages\/11","targetHints":{"allow":["GET"]}}],"collection":[{"href":"https:\/\/regiondelasflores.com.ar\/index.php?rest_route=\/wp\/v2\/pages"}],"about":[{"href":"https:\/\/regiondelasflores.com.ar\/index.php?rest_route=\/wp\/v2\/types\/page"}],"author":[{"embeddable":true,"href":"https:\/\/regiondelasflores.com.ar\/index.php?rest_route=\/wp\/v2\/users\/2"}],"replies":[{"embeddable":true,"href":"https:\/\/regiondelasflores.com.ar\/index.php?rest_route=%2Fwp%2Fv2%2Fcomments&post=11"}],"version-history":[{"count":7,"href":"https:\/\/regiondelasflores.com.ar\/index.php?rest_route=\/wp\/v2\/pages\/11\/revisions"}],"predecessor-version":[{"id":67,"href":"https:\/\/regiondelasflores.com.ar\/index.php?rest_route=\/wp\/v2\/pages\/11\/revisions\/67"}],"wp:attachment":[{"href":"https:\/\/regiondelasflores.com.ar\/index.php?rest_route=%2Fwp%2Fv2%2Fmedia&parent=11"}],"curies":[{"name":"wp","href":"https:\/\/api.w.org\/{rel}","templated":true}]}}