{"id":76,"date":"2019-10-17T17:10:24","date_gmt":"2019-10-17T20:10:24","guid":{"rendered":"https:\/\/regiondelasflores.com.ar\/?page_id=76"},"modified":"2019-10-17T18:17:06","modified_gmt":"2019-10-17T21:17:06","slug":"eventos-y-fiestas","status":"publish","type":"page","link":"https:\/\/regiondelasflores.com.ar\/?page_id=76","title":{"rendered":"Eventos y Fiestas"},"content":{"rendered":"<div class=\"su-spoiler su-spoiler-style-default su-spoiler-icon-plus su-spoiler-closed\" data-scroll-offset=\"0\" data-anchor-in-url=\"no\"><div class=\"su-spoiler-title\" tabindex=\"0\" role=\"button\"><span class=\"su-spoiler-icon\"><\/span>M\u00fasica Cervecera<\/div><div class=\"su-spoiler-content su-u-clearfix su-u-trim\">FIESTA DE LA MUSICA CERVECERA <strong>Desde 1935<\/strong>, en Capiov\u00ed las fiestas familiares se animaban con peque\u00f1as bandas multi instrumentales formadas por inmigrantes llegados de Alemania, Suiza y Brasil, familias que forjaron su vida en el trabajo duro de la tierra alternando con esos momentos festivos simples, animados, compartidos y disfrutados en ambientes vecinales muy solidarios. Hist\u00f3ricas fotograf\u00edas muestran viejas bandas con muchos instrumentos de viento y percusi\u00f3n, ejecutados por abuelos y nietos, a veces hasta alguna dama. M\u00fasica que escuchaban y bailaban los pioneros, transmitida de generaci\u00f3n en generaci\u00f3n. Hoy, se sostiene en el tiempo en distintos bailes, fiestas, radios, televisi\u00f3n, en cada rinc\u00f3n de Capiov\u00ed. Tradicionalmente el programa incluye la santa misa, caravana por el pueblo, y el tradicional baile durante dos jornadas acompa\u00f1ados de comidas t\u00edpicas.<\/p>\n<\/div><\/div>\n<div class=\"su-spoiler su-spoiler-style-default su-spoiler-icon-plus su-spoiler-closed\" data-scroll-offset=\"0\" data-anchor-in-url=\"no\"><div class=\"su-spoiler-title\" tabindex=\"0\" role=\"button\"><span class=\"su-spoiler-icon\"><\/span>Sand\u00eda<\/div><div class=\"su-spoiler-content su-u-clearfix su-u-trim\">\n<p>En construcci\u00f3n<\/p>\n<\/div><\/div>\n<p><span style=\"font-weight: 400;\"><div class=\"su-spoiler su-spoiler-style-default su-spoiler-icon-plus su-spoiler-closed\" data-scroll-offset=\"0\" data-anchor-in-url=\"no\"><div class=\"su-spoiler-title\" tabindex=\"0\" role=\"button\"><span class=\"su-spoiler-icon\"><\/span>Flor-Orqu\u00eddea<\/div><div class=\"su-spoiler-content su-u-clearfix su-u-trim\"><\/span><\/p>\n<p>En construcci\u00f3n<\/p>\n<\/div><\/div>\n<div class=\"su-spoiler su-spoiler-style-default su-spoiler-icon-plus su-spoiler-closed\" data-scroll-offset=\"0\" data-anchor-in-url=\"no\"><div class=\"su-spoiler-title\" tabindex=\"0\" role=\"button\"><span class=\"su-spoiler-icon\"><\/span>Expo Regi\u00f3n<\/div><div class=\"su-spoiler-content su-u-clearfix su-u-trim\">\n<p><span style=\"font-weight: 400;\">EXPO REGION DE LAS FLORES.<\/span><\/p>\n<p><span style=\"font-weight: 400;\">Evento que se realiza una vez al a\u00f1o de forma rotativa en cada municipio que integra la Micro Regi\u00f3n, creado con el objetivo de mostrar en dos noches la oferta de cultura, gastronom\u00eda, turismo y plantas flores de toda las localidades. La pr\u00f3xima edici\u00f3n se realizar\u00e1 en el mes de octubre de 2020 en la localidad de Capiov\u00ed.<\/span><\/p>\n<\/div><\/div>\n<p><span style=\"font-weight: 400;\"><div class=\"su-spoiler su-spoiler-style-default su-spoiler-icon-plus su-spoiler-closed\" data-scroll-offset=\"0\" data-anchor-in-url=\"no\"><div class=\"su-spoiler-title\" tabindex=\"0\" role=\"button\"><span class=\"su-spoiler-icon\"><\/span>Navidad<\/div><div class=\"su-spoiler-content su-u-clearfix su-u-trim\"><\/span><\/p>\n<p>Navidad En Capiov\u00ed<\/p>\n<p>En construcci\u00f3n<\/p>\n<\/div><\/div>\n<p>&nbsp;<\/p>\n<h2><span style=\"font-weight: 400;\">EXPO REGION DE LAS FLORES.<\/span><\/h2>\n<p><span style=\"font-weight: 400;\">Evento que se realiza una vez al a\u00f1o de forma rotativa en cada municipio que integra la Micro Regi\u00f3n, creado con el objetivo de mostrar en dos noches la oferta de cultura, gastronom\u00eda, turismo y plantas flores de toda las localidades. La pr\u00f3xima edici\u00f3n se realizar\u00e1 en el mes de octubre de 2020 en la localidad de Capiov\u00ed.<\/span><\/p>\n<h2><span style=\"font-weight: 400;\">NAVIDAD EN CAPIOVI<\/span><\/h2>\n<p><span style=\"font-weight: 400;\">La inmensa tarea de transformar botellas de pl\u00e1stico en arte, de manera sustentable y con integraci\u00f3n social. Las veladas navide\u00f1as, con shows, con danzas y presentaciones art\u00edsticas, ahora ser\u00e1n los d\u00edas s\u00e1bados y domingos de diciembre. Para que puedan disfrutar con la familia de un fin de semana en Capiov\u00ed. Patios de comida, paseo de artesan\u00edas, casa de Pap\u00e1 Noel y mucho m\u00e1s. Navidad en Capiov\u00ed es compartir alegr\u00edas y emociones en familia.<\/span><\/p>\n<p><strong>Instagram: navidadcapioviok\u00a0 \/ facebook: navidad en capiovi<\/strong><\/p>\n","protected":false},"excerpt":{"rendered":"<p>&nbsp; EXPO REGION DE LAS FLORES. Evento que se realiza una vez al a\u00f1o de forma rotativa en cada municipio que integra la Micro Regi\u00f3n, creado con el objetivo de mostrar en dos noches la oferta de cultura, gastronom\u00eda, turismo y plantas flores de toda las localidades. La pr\u00f3xima edici\u00f3n se realizar\u00e1 en el mes [&hellip;]<\/p>\n","protected":false},"author":2,"featured_media":0,"parent":0,"menu_order":0,"comment_status":"closed","ping_status":"closed","template":"","meta":{"footnotes":""},"class_list":["post-76","page","type-page","status-publish","hentry"],"_links":{"self":[{"href":"https:\/\/regiondelasflores.com.ar\/index.php?rest_route=\/wp\/v2\/pages\/76","targetHints":{"allow":["GET"]}}],"collection":[{"href":"https:\/\/regiondelasflores.com.ar\/index.php?rest_route=\/wp\/v2\/pages"}],"about":[{"href":"https:\/\/regiondelasflores.com.ar\/index.php?rest_route=\/wp\/v2\/types\/page"}],"author":[{"embeddable":true,"href":"https:\/\/regiondelasflores.com.ar\/index.php?rest_route=\/wp\/v2\/users\/2"}],"replies":[{"embeddable":true,"href":"https:\/\/regiondelasflores.com.ar\/index.php?rest_route=%2Fwp%2Fv2%2Fcomments&post=76"}],"version-history":[{"count":5,"href":"https:\/\/regiondelasflores.com.ar\/index.php?rest_route=\/wp\/v2\/pages\/76\/revisions"}],"predecessor-version":[{"id":88,"href":"https:\/\/regiondelasflores.com.ar\/index.php?rest_route=\/wp\/v2\/pages\/76\/revisions\/88"}],"wp:attachment":[{"href":"https:\/\/regiondelasflores.com.ar\/index.php?rest_route=%2Fwp%2Fv2%2Fmedia&parent=76"}],"curies":[{"name":"wp","href":"https:\/\/api.w.org\/{rel}","templated":true}]}}