{"id":92,"date":"2019-10-17T18:25:09","date_gmt":"2019-10-17T21:25:09","guid":{"rendered":"https:\/\/regiondelasflores.com.ar\/?page_id=92"},"modified":"2019-10-17T18:25:09","modified_gmt":"2019-10-17T21:25:09","slug":"servicios","status":"publish","type":"page","link":"https:\/\/regiondelasflores.com.ar\/?page_id=92","title":{"rendered":"Servicios"},"content":{"rendered":"<h2>Alojamiento<\/h2>\n<p>en construcci\u00f3n<\/p>\n<h2>Gastronom\u00eda<\/h2>\n<p>en construcci\u00f3n<\/p>\n","protected":false},"excerpt":{"rendered":"<p>Alojamiento en construcci\u00f3n Gastronom\u00eda en construcci\u00f3n<\/p>\n","protected":false},"author":2,"featured_media":0,"parent":0,"menu_order":0,"comment_status":"closed","ping_status":"closed","template":"","meta":{"footnotes":""},"class_list":["post-92","page","type-page","status-publish","hentry"],"_links":{"self":[{"href":"https:\/\/regiondelasflores.com.ar\/index.php?rest_route=\/wp\/v2\/pages\/92","targetHints":{"allow":["GET"]}}],"collection":[{"href":"https:\/\/regiondelasflores.com.ar\/index.php?rest_route=\/wp\/v2\/pages"}],"about":[{"href":"https:\/\/regiondelasflores.com.ar\/index.php?rest_route=\/wp\/v2\/types\/page"}],"author":[{"embeddable":true,"href":"https:\/\/regiondelasflores.com.ar\/index.php?rest_route=\/wp\/v2\/users\/2"}],"replies":[{"embeddable":true,"href":"https:\/\/regiondelasflores.com.ar\/index.php?rest_route=%2Fwp%2Fv2%2Fcomments&post=92"}],"version-history":[{"count":1,"href":"https:\/\/regiondelasflores.com.ar\/index.php?rest_route=\/wp\/v2\/pages\/92\/revisions"}],"predecessor-version":[{"id":93,"href":"https:\/\/regiondelasflores.com.ar\/index.php?rest_route=\/wp\/v2\/pages\/92\/revisions\/93"}],"wp:attachment":[{"href":"https:\/\/regiondelasflores.com.ar\/index.php?rest_route=%2Fwp%2Fv2%2Fmedia&parent=92"}],"curies":[{"name":"wp","href":"https:\/\/api.w.org\/{rel}","templated":true}]}}